{"id":1556,"date":"2025-03-10T19:28:43","date_gmt":"2025-03-10T18:28:43","guid":{"rendered":"https:\/\/www.rebreather-reunion.de\/?page_id=1556"},"modified":"2025-03-10T19:49:37","modified_gmt":"2025-03-10T18:49:37","slug":"newsletter","status":"publish","type":"page","link":"https:\/\/www.rebreather-reunion.de\/?page_id=1556","title":{"rendered":"Newsletter"},"content":{"rendered":"\n<p>Willkommen beim Newsletter der Rebreather Reunion.<\/p>\n\n\n\n<p>Der Newsletter soll Euch mit Informationen rund um die Rebreather Reunion versorgen. Wir melden uns ausschlie\u00dflich dann, wenn es auch etwas Wichtiges zu vermelden gibt. Dazu geh\u00f6ren Ereignisse wie:<\/p>\n\n\n\n<ul class=\"wp-block-list\">\n<li>Termin-Ank\u00fcndigungen der Rebreather Reunion-Treffen \/ Save the Dates<\/li>\n\n\n\n<li>Anmeldung zur Rebreather Reunion<\/li>\n\n\n\n<li>Informationen zu Programm und Ablauf<\/li>\n\n\n\n<li>Anmeldung f\u00fcr das Abendbuffet auf der Rebreather Reunion<\/li>\n\n\n\n<li>Neuerscheinungen von Rebreather Reunion-Shirts und Bestell-Details<\/li>\n\n\n\n<li>Entsprechende Reminder<\/li>\n\n\n\n<li>Hinweis auf die Dokumentation der Events und Ver\u00f6ffentlichungen<\/li>\n\n\n\n<li>usw.<\/li>\n<\/ul>\n\n\n\n<p>Die Newsletter sollen Euch auf dem neuesten Stand halten und uns bei der Organisation und Planung unterst\u00fctzen. Wir freuen uns \u00fcber Eure Anmeldungen. Bis vielleicht demn\u00e4chst\u2026.<\/p>\n\n\n\n<p>Euer Orga-Team<\/p>\n\n\n\n<h2 class=\"wp-block-heading\">Anmeldung:<\/h2>\n\n\n\n<p>Zur Anmeldung m\u00fcssen die unten angegebenen Felder vollst\u00e4ndig ausgef\u00fcllt werden.<\/p>\n\n\n<p><div class=\"tnp tnp-subscription \">\n<form method=\"post\" action=\"https:\/\/www.rebreather-reunion.de\/?na=s\">\n<input type=\"hidden\" name=\"nlang\" value=\"\">\n<div class=\"tnp-field tnp-field-firstname\"><label for=\"tnp-1\">Vorname<\/label>\n<input class=\"tnp-name\" type=\"text\" name=\"nn\" id=\"tnp-1\" value=\"\" placeholder=\"\" required><\/div>\n<div class=\"tnp-field tnp-field-surname\"><label for=\"tnp-2\">Nachname<\/label>\n<input class=\"tnp-surname\" type=\"text\" name=\"ns\" id=\"tnp-2\" value=\"\" placeholder=\"\" required><\/div><div class=\"tnp-field tnp-field-email\"><label for=\"tnp-3\">E-Mail-Adresse<\/label>\n<input class=\"tnp-email\" type=\"email\" name=\"ne\" id=\"tnp-3\" value=\"\" placeholder=\"\" required><\/div>\n<div class=\"tnp-field tnp-privacy-field\"><label><input type=\"checkbox\" name=\"ny\" required class=\"tnp-privacy\"> <a target=\"_blank\" href=\"https:\/\/www.rebreather-reunion.de\/?page_id=681\">Hiermit akzeptiere ich die Datenschutzbestimmungen<\/a><\/label><\/div><div class=\"tnp-field tnp-field-button\" style=\"text-align: left\"><input class=\"tnp-submit\" type=\"submit\" value=\"Abonnieren\" style=\"\">\n<\/div>\n<\/form>\n<\/div>\n<\/p>\r\n<p>&nbsp;<\/p>\r\n<p><span style=\"font-size: 8pt;\">Link: <a href=\"https:\/\/www.rebreather-reunion.de\/?page_id=681\">Datenschutzerkl\u00e4rung<\/a> Newsletter Kapitel 6<\/span><\/p>\n\n\n<p><\/p>\n","protected":false},"excerpt":{"rendered":"<p>Willkommen beim Newsletter der Rebreather Reunion. Der Newsletter soll Euch mit Informationen rund um die Rebreather Reunion versorgen. Wir melden uns ausschlie\u00dflich dann, wenn es auch etwas Wichtiges zu vermelden gibt. Dazu geh\u00f6ren Ereignisse wie: Die Newsletter sollen Euch auf &hellip; <a href=\"https:\/\/www.rebreather-reunion.de\/?page_id=1556\">Weiter<\/a><\/p>\n","protected":false},"author":2,"featured_media":0,"parent":0,"menu_order":0,"comment_status":"closed","ping_status":"closed","template":"","meta":{"footnotes":""},"class_list":["post-1556","page","type-page","status-publish","hentry"],"_links":{"self":[{"href":"https:\/\/www.rebreather-reunion.de\/index.php?rest_route=\/wp\/v2\/pages\/1556","targetHints":{"allow":["GET"]}}],"collection":[{"href":"https:\/\/www.rebreather-reunion.de\/index.php?rest_route=\/wp\/v2\/pages"}],"about":[{"href":"https:\/\/www.rebreather-reunion.de\/index.php?rest_route=\/wp\/v2\/types\/page"}],"author":[{"embeddable":true,"href":"https:\/\/www.rebreather-reunion.de\/index.php?rest_route=\/wp\/v2\/users\/2"}],"replies":[{"embeddable":true,"href":"https:\/\/www.rebreather-reunion.de\/index.php?rest_route=%2Fwp%2Fv2%2Fcomments&post=1556"}],"version-history":[{"count":3,"href":"https:\/\/www.rebreather-reunion.de\/index.php?rest_route=\/wp\/v2\/pages\/1556\/revisions"}],"predecessor-version":[{"id":1562,"href":"https:\/\/www.rebreather-reunion.de\/index.php?rest_route=\/wp\/v2\/pages\/1556\/revisions\/1562"}],"wp:attachment":[{"href":"https:\/\/www.rebreather-reunion.de\/index.php?rest_route=%2Fwp%2Fv2%2Fmedia&parent=1556"}],"curies":[{"name":"wp","href":"https:\/\/api.w.org\/{rel}","templated":true}]}}